{"id":830,"date":"2024-03-11T11:35:23","date_gmt":"2024-03-11T15:35:23","guid":{"rendered":"https:\/\/woohamedia.com\/?page_id=830"},"modified":"2024-03-11T11:35:23","modified_gmt":"2024-03-11T15:35:23","slug":"politique-de-confidentialite","status":"publish","type":"page","link":"https:\/\/woohamedia.com\/fr\/politique-de-confidentialite\/","title":{"rendered":"Politique de confidentialit\u00e9"},"content":{"rendered":"<div class=\"wpb-content-wrapper\"><p>[vc_row][vc_column][vc_column_text]<strong>Politique de confidentialit\u00e9<\/strong><\/p>\n<p>Cette Politique de confidentialit\u00e9 d\u00e9crit la mani\u00e8re dont WooHa M\u00e9dia (\u00ab\u00a0nous\u00a0\u00bb, \u00ab\u00a0notre\u00a0\u00bb ou \u00ab\u00a0nos\u00a0\u00bb) collecte, utilise et divulgue des informations lorsque vous utilisez notre site web\u00a0 woohamedia.com (le \u00ab\u00a0Site\u00a0\u00bb).<\/p>\n<p><strong>Informations que nous ne collectons pas:<\/strong><\/p>\n<p>Nous ne collectons aucune information permettant votre identification personnelle (IIP) lorsque vous visitez notre site web. L&rsquo;IIP inclut des informations telles que votre nom, votre adresse, votre num\u00e9ro de t\u00e9l\u00e9phone ou votre adresse e-mail.<\/p>\n<p><strong>Utilisation de fichiers t\u00e9moins (\u00ab cookies \u00bb)<\/strong><\/p>\n<p>Le pr\u00e9sent site ne place aucun fichier t\u00e9moin (\u00ab cookie \u00bb) permanent dans les disques durs des ordinateurs des visiteurs, mais uniquement un fichier t\u00e9moin temporaire requis pour am\u00e9liorer la performance de certaines fonctionnalit\u00e9s du site.<\/p>\n<p><strong>Informations \u00e9chang\u00e9es automatiquement<\/strong><\/p>\n<p>Lorsque vous acc\u00e9dez a notre site, votre ordinateur et le serveur du site \u00e9changent automatiquement des informations. Cette communication est n\u00e9cessaire pour que le serveur transmette un fichier compatible avec l\u2019\u00e9quipement informatique que vous utilisez. Les informations \u00e9chang\u00e9es sont les suivantes :<\/p>\n<ul>\n<li>le nom de domaine de votre fournisseur d\u2019acc\u00e8s \u00e0 Internet;<\/li>\n<li>votre adresse IP, num\u00e9ro unique assign\u00e9 \u00e0 votre ordinateur lorsqu\u2019il est connect\u00e9 au r\u00e9seau Internet;<\/li>\n<li>le type de navigateur (Explorer, Firefox, etc.) et de syst\u00e8me d\u2019exploitation (Windows, Mac OS, etc.) utilis\u00e9s;<\/li>\n<li>la date et l\u2019heure de la visite;<\/li>\n<li>les pages que vous consultez;<\/li>\n<li>l\u2019adresse du site r\u00e9f\u00e9rent, si vous acc\u00e9dez a notre site \u00e0 partir d\u2019un autre site.<\/li>\n<\/ul>\n<p>Ces informations sont conserv\u00e9es et exploit\u00e9es \u00e0 des fins techniques et statistiques. Elles servent \u00e0 comptabiliser le nombre de visites, les pages les plus fr\u00e9quent\u00e9es, la technologie utilis\u00e9e par les visiteurs, les sites r\u00e9f\u00e9rents et le pays d\u2019origine des visiteurs.<\/p>\n<p><strong>Liens vers des tiers:<\/strong><\/p>\n<p>Notre site web peut contenir des liens vers des sites web de tiers. Veuillez noter que nous n&rsquo;avons aucun contr\u00f4le sur les pratiques de confidentialit\u00e9 de ces sites. Nous vous encourageons \u00e0 consulter les politiques de confidentialit\u00e9 de chaque site que vous visitez.<\/p>\n<p><strong>Coordonn\u00e9es:<\/strong><\/p>\n<p><strong>Steven Riis-Christensen<\/strong><br \/>\nPr\u00e9sident<\/p>\n<p><a href=\"mailto:info@woohamedia.com\" target=\"_blank\" rel=\"noopener\">info@woohamedia.com<\/a><br \/>\n<a href=\"tel:514-562-7447\" target=\"_blank\" rel=\"noopener\">514-562-7447<\/a><\/p>\n<p><strong>Modifications de cette Politique de confidentialit\u00e9:<\/strong><\/p>\n<p>Nous nous r\u00e9servons le droit de mettre \u00e0 jour ou de modifier notre Politique de confidentialit\u00e9 \u00e0 tout moment. Toute modification sera publi\u00e9e sur cette page, et la date de la derni\u00e8re mise \u00e0 jour sera indiqu\u00e9e en haut de la page.<\/p>\n<p>Derni\u00e8re mise \u00e0 jour : 1 f\u00e9vrier 2024<\/p>\n<p>En utilisant notre site web, vous consentez aux termes de cette Politique de confidentialit\u00e9.[\/vc_column_text][\/vc_column][\/vc_row]<\/p>\n<\/div>","protected":false},"excerpt":{"rendered":"<p>[vc_row][vc_column][vc_column_text]Politique de confidentialit\u00e9 Cette Politique de confidentialit\u00e9 d\u00e9crit la mani\u00e8re dont WooHa M\u00e9dia (\u00ab\u00a0nous\u00a0\u00bb, \u00ab\u00a0notre\u00a0\u00bb ou \u00ab\u00a0nos\u00a0\u00bb) collecte, utilise et divulgue des informations lorsque vous utilisez notre site web\u00a0 woohamedia.com (le \u00ab\u00a0Site\u00a0\u00bb). Informations que nous ne collectons pas: Nous ne collectons aucune information permettant votre identification personnelle (IIP) lorsque vous visitez notre site web. L&rsquo;IIP&hellip;<\/p>\n","protected":false},"author":5,"featured_media":0,"parent":0,"menu_order":0,"comment_status":"closed","ping_status":"closed","template":"","meta":{"footnotes":""},"yoast_head":"<!-- This site is optimized with the Yoast SEO plugin v22.4 - https:\/\/yoast.com\/wordpress\/plugins\/seo\/ -->\n<title>Politique de confidentialit\u00e9 - WooHa Media<\/title>\n<meta name=\"robots\" content=\"index, follow, max-snippet:-1, max-image-preview:large, max-video-preview:-1\" \/>\n<link rel=\"canonical\" href=\"https:\/\/woohamedia.com\/fr\/politique-de-confidentialite\/\" \/>\n<meta property=\"og:locale\" content=\"fr_FR\" \/>\n<meta property=\"og:type\" content=\"article\" \/>\n<meta property=\"og:title\" content=\"Politique de confidentialit\u00e9 - WooHa Media\" \/>\n<meta property=\"og:description\" content=\"[vc_row][vc_column][vc_column_text]Politique de confidentialit\u00e9 Cette Politique de confidentialit\u00e9 d\u00e9crit la mani\u00e8re dont WooHa M\u00e9dia (\u00ab\u00a0nous\u00a0\u00bb, \u00ab\u00a0notre\u00a0\u00bb ou \u00ab\u00a0nos\u00a0\u00bb) collecte, utilise et divulgue des informations lorsque vous utilisez notre site web\u00a0 woohamedia.com (le \u00ab\u00a0Site\u00a0\u00bb). Informations que nous ne collectons pas: Nous ne collectons aucune information permettant votre identification personnelle (IIP) lorsque vous visitez notre site web. L&rsquo;IIP&hellip;\" \/>\n<meta property=\"og:url\" content=\"https:\/\/woohamedia.com\/fr\/politique-de-confidentialite\/\" \/>\n<meta property=\"og:site_name\" content=\"WooHa Media\" \/>\n<meta property=\"article:publisher\" content=\"https:\/\/www.facebook.com\/woohamedia\/\" \/>\n<meta property=\"og:image\" content=\"https:\/\/woohamedia.com\/wp-content\/uploads\/wooha-media-logo.jpg\" \/>\n\t<meta property=\"og:image:width\" content=\"1200\" \/>\n\t<meta property=\"og:image:height\" content=\"700\" \/>\n\t<meta property=\"og:image:type\" content=\"image\/jpeg\" \/>\n<meta name=\"twitter:label1\" content=\"Dur\u00e9e de lecture estim\u00e9e\" \/>\n\t<meta name=\"twitter:data1\" content=\"2 minutes\" \/>\n<script type=\"application\/ld+json\" class=\"yoast-schema-graph\">{\"@context\":\"https:\/\/schema.org\",\"@graph\":[{\"@type\":\"WebPage\",\"@id\":\"https:\/\/woohamedia.com\/fr\/politique-de-confidentialite\/\",\"url\":\"https:\/\/woohamedia.com\/fr\/politique-de-confidentialite\/\",\"name\":\"Politique de confidentialit\u00e9 - WooHa Media\",\"isPartOf\":{\"@id\":\"https:\/\/woohamedia.com\/fr\/#website\"},\"datePublished\":\"2024-03-11T15:35:23+00:00\",\"dateModified\":\"2024-03-11T15:35:23+00:00\",\"breadcrumb\":{\"@id\":\"https:\/\/woohamedia.com\/fr\/politique-de-confidentialite\/#breadcrumb\"},\"inLanguage\":\"fr-FR\",\"potentialAction\":[{\"@type\":\"ReadAction\",\"target\":[\"https:\/\/woohamedia.com\/fr\/politique-de-confidentialite\/\"]}]},{\"@type\":\"BreadcrumbList\",\"@id\":\"https:\/\/woohamedia.com\/fr\/politique-de-confidentialite\/#breadcrumb\",\"itemListElement\":[{\"@type\":\"ListItem\",\"position\":1,\"name\":\"Home\",\"item\":\"https:\/\/woohamedia.com\/fr\/\"},{\"@type\":\"ListItem\",\"position\":2,\"name\":\"Politique de confidentialit\u00e9\"}]},{\"@type\":\"WebSite\",\"@id\":\"https:\/\/woohamedia.com\/fr\/#website\",\"url\":\"https:\/\/woohamedia.com\/fr\/\",\"name\":\"WooHa Media\",\"description\":\"\",\"publisher\":{\"@id\":\"https:\/\/woohamedia.com\/fr\/#organization\"},\"potentialAction\":[{\"@type\":\"SearchAction\",\"target\":{\"@type\":\"EntryPoint\",\"urlTemplate\":\"https:\/\/woohamedia.com\/fr\/?s={search_term_string}\"},\"query-input\":\"required name=search_term_string\"}],\"inLanguage\":\"fr-FR\"},{\"@type\":\"Organization\",\"@id\":\"https:\/\/woohamedia.com\/fr\/#organization\",\"name\":\"WooHa Media\",\"url\":\"https:\/\/woohamedia.com\/fr\/\",\"logo\":{\"@type\":\"ImageObject\",\"inLanguage\":\"fr-FR\",\"@id\":\"https:\/\/woohamedia.com\/fr\/#\/schema\/logo\/image\/\",\"url\":\"https:\/\/woohamedia.com\/wp-content\/uploads\/2014\/02\/wooha-media.jpg\",\"contentUrl\":\"https:\/\/woohamedia.com\/wp-content\/uploads\/2014\/02\/wooha-media.jpg\",\"width\":484,\"height\":236,\"caption\":\"WooHa Media\"},\"image\":{\"@id\":\"https:\/\/woohamedia.com\/fr\/#\/schema\/logo\/image\/\"},\"sameAs\":[\"https:\/\/www.facebook.com\/woohamedia\/\",\"https:\/\/www.youtube.com\/user\/WoohaMedia1\"]}]}<\/script>\n<!-- \/ Yoast SEO plugin. -->","yoast_head_json":{"title":"Politique de confidentialit\u00e9 - WooHa Media","robots":{"index":"index","follow":"follow","max-snippet":"max-snippet:-1","max-image-preview":"max-image-preview:large","max-video-preview":"max-video-preview:-1"},"canonical":"https:\/\/woohamedia.com\/fr\/politique-de-confidentialite\/","og_locale":"fr_FR","og_type":"article","og_title":"Politique de confidentialit\u00e9 - WooHa Media","og_description":"[vc_row][vc_column][vc_column_text]Politique de confidentialit\u00e9 Cette Politique de confidentialit\u00e9 d\u00e9crit la mani\u00e8re dont WooHa M\u00e9dia (\u00ab\u00a0nous\u00a0\u00bb, \u00ab\u00a0notre\u00a0\u00bb ou \u00ab\u00a0nos\u00a0\u00bb) collecte, utilise et divulgue des informations lorsque vous utilisez notre site web\u00a0 woohamedia.com (le \u00ab\u00a0Site\u00a0\u00bb). Informations que nous ne collectons pas: Nous ne collectons aucune information permettant votre identification personnelle (IIP) lorsque vous visitez notre site web. L&rsquo;IIP&hellip;","og_url":"https:\/\/woohamedia.com\/fr\/politique-de-confidentialite\/","og_site_name":"WooHa Media","article_publisher":"https:\/\/www.facebook.com\/woohamedia\/","og_image":[{"width":1200,"height":700,"url":"https:\/\/woohamedia.com\/wp-content\/uploads\/wooha-media-logo.jpg","type":"image\/jpeg"}],"twitter_misc":{"Dur\u00e9e de lecture estim\u00e9e":"2 minutes"},"schema":{"@context":"https:\/\/schema.org","@graph":[{"@type":"WebPage","@id":"https:\/\/woohamedia.com\/fr\/politique-de-confidentialite\/","url":"https:\/\/woohamedia.com\/fr\/politique-de-confidentialite\/","name":"Politique de confidentialit\u00e9 - WooHa Media","isPartOf":{"@id":"https:\/\/woohamedia.com\/fr\/#website"},"datePublished":"2024-03-11T15:35:23+00:00","dateModified":"2024-03-11T15:35:23+00:00","breadcrumb":{"@id":"https:\/\/woohamedia.com\/fr\/politique-de-confidentialite\/#breadcrumb"},"inLanguage":"fr-FR","potentialAction":[{"@type":"ReadAction","target":["https:\/\/woohamedia.com\/fr\/politique-de-confidentialite\/"]}]},{"@type":"BreadcrumbList","@id":"https:\/\/woohamedia.com\/fr\/politique-de-confidentialite\/#breadcrumb","itemListElement":[{"@type":"ListItem","position":1,"name":"Home","item":"https:\/\/woohamedia.com\/fr\/"},{"@type":"ListItem","position":2,"name":"Politique de confidentialit\u00e9"}]},{"@type":"WebSite","@id":"https:\/\/woohamedia.com\/fr\/#website","url":"https:\/\/woohamedia.com\/fr\/","name":"WooHa Media","description":"","publisher":{"@id":"https:\/\/woohamedia.com\/fr\/#organization"},"potentialAction":[{"@type":"SearchAction","target":{"@type":"EntryPoint","urlTemplate":"https:\/\/woohamedia.com\/fr\/?s={search_term_string}"},"query-input":"required name=search_term_string"}],"inLanguage":"fr-FR"},{"@type":"Organization","@id":"https:\/\/woohamedia.com\/fr\/#organization","name":"WooHa Media","url":"https:\/\/woohamedia.com\/fr\/","logo":{"@type":"ImageObject","inLanguage":"fr-FR","@id":"https:\/\/woohamedia.com\/fr\/#\/schema\/logo\/image\/","url":"https:\/\/woohamedia.com\/wp-content\/uploads\/2014\/02\/wooha-media.jpg","contentUrl":"https:\/\/woohamedia.com\/wp-content\/uploads\/2014\/02\/wooha-media.jpg","width":484,"height":236,"caption":"WooHa Media"},"image":{"@id":"https:\/\/woohamedia.com\/fr\/#\/schema\/logo\/image\/"},"sameAs":["https:\/\/www.facebook.com\/woohamedia\/","https:\/\/www.youtube.com\/user\/WoohaMedia1"]}]}},"_links":{"self":[{"href":"https:\/\/woohamedia.com\/fr\/wp-json\/wp\/v2\/pages\/830"}],"collection":[{"href":"https:\/\/woohamedia.com\/fr\/wp-json\/wp\/v2\/pages"}],"about":[{"href":"https:\/\/woohamedia.com\/fr\/wp-json\/wp\/v2\/types\/page"}],"author":[{"embeddable":true,"href":"https:\/\/woohamedia.com\/fr\/wp-json\/wp\/v2\/users\/5"}],"replies":[{"embeddable":true,"href":"https:\/\/woohamedia.com\/fr\/wp-json\/wp\/v2\/comments?post=830"}],"version-history":[{"count":1,"href":"https:\/\/woohamedia.com\/fr\/wp-json\/wp\/v2\/pages\/830\/revisions"}],"predecessor-version":[{"id":831,"href":"https:\/\/woohamedia.com\/fr\/wp-json\/wp\/v2\/pages\/830\/revisions\/831"}],"wp:attachment":[{"href":"https:\/\/woohamedia.com\/fr\/wp-json\/wp\/v2\/media?parent=830"}],"curies":[{"name":"wp","href":"https:\/\/api.w.org\/{rel}","templated":true}]}}