{"id":200,"date":"2014-11-14T04:48:36","date_gmt":"2014-11-14T04:48:36","guid":{"rendered":"http:\/\/woohamedia.com\/contact-us-2\/"},"modified":"2024-03-11T11:46:56","modified_gmt":"2024-03-11T15:46:56","slug":"contact","status":"publish","type":"page","link":"https:\/\/woohamedia.com\/fr\/contact\/","title":{"rendered":"Contact"},"content":{"rendered":"<div class=\"wpb-content-wrapper\"><p>[vc_row][vc_column width=\u00a0\u00bb2\/3&Prime;][vc_column_text]<\/p>\n<h4>Contactez-nous \u00e0 notre studio de production vid\u00e9o bas\u00e9 \u00e0 Montr\u00e9al, situ\u00e9 dans le Complexe des lofts commerciaux du canal Lachine.<\/h4>\n<p>[\/vc_column_text]<div class=\"aio-icon-component    style_1\"><div id=\"Info-box-wrap-2673\" class=\"aio-icon-box default-icon\" style=\"\"  ><div class=\"aio-icon-default\"><div class=\"ult-just-icon-wrapper  \"><div class=\"align-icon\" style=\"text-align:center;\">\n<div class=\"aio-icon none \"  style=\"color:#8dc544;font-size:32px;display:inline-block;\">\n\t<i class=\"Defaults-map-marker\"><\/i>\n<\/div><\/div><\/div><\/div><div class=\"aio-icon-header\" ><h3 class=\"aio-icon-title ult-responsive\"  data-ultimate-target='#Info-box-wrap-2673 .aio-icon-title'  data-responsive-json-new='{\"font-size\":\"\",\"line-height\":\"\"}'  style=\"\">WooHa Media<\/h3><\/div> <!-- header --><div class=\"aio-icon-description ult-responsive\"  data-ultimate-target='#Info-box-wrap-2673 .aio-icon-description'  data-responsive-json-new='{\"font-size\":\"\",\"line-height\":\"\"}'  style=\"\">Complexe du Canal Lachine<br \/>\n4710 Rue Ste-Ambroise, Suite 317A<br \/>\nMontr\u00e9al, QC<br \/>\nH4C 2C7<\/p>\n<p>514-562-7447<br \/>\n<a href=\"mailto:steve@woohamedia.com\">steve@woohamedia.com<\/a><\/div> <!-- description --><\/div> <!-- aio-icon-box --><\/div> <!-- aio-icon-component -->[vc_empty_space height=\u00a0\u00bb20px\u00a0\u00bb][vc_column_text]<iframe loading=\"lazy\" style=\"border: 0;\" src=\"https:\/\/www.google.com\/maps\/embed?pb=!1m18!1m12!1m3!1d2797.9745394055208!2d-73.5859095!3d45.47031679999998!2m3!1f0!2f0!3f0!3m2!1i1024!2i768!4f13.1!3m3!1m2!1s0x4cc9109ac7f67189%3A0x4a33755d8600cdff!2s4710+Rue+Saint-Ambroise%2C+Montr%C3%A9al%2C+QC+H4C!5e0!3m2!1sen!2sca!4v1415941468930\" width=\"600\" height=\"300\" frameborder=\"0\"><\/iframe>[\/vc_column_text][\/vc_column][vc_column width=\u00a0\u00bb1\/3&Prime;][\/vc_column][\/vc_row]<\/p>\n<\/div>","protected":false},"excerpt":{"rendered":"<p>[vc_row][vc_column width=\u00a0\u00bb2\/3&Prime;][vc_column_text] Contactez-nous \u00e0 notre studio de production vid\u00e9o bas\u00e9 \u00e0 Montr\u00e9al, situ\u00e9 dans le Complexe des lofts commerciaux du canal Lachine. [\/vc_column_text][vc_empty_space height=\u00a0\u00bb20px\u00a0\u00bb][vc_column_text][\/vc_column_text][\/vc_column][vc_column width=\u00a0\u00bb1\/3&Prime;][\/vc_column][\/vc_row]<\/p>\n","protected":false},"author":5,"featured_media":0,"parent":0,"menu_order":0,"comment_status":"closed","ping_status":"closed","template":"","meta":{"footnotes":""},"yoast_head":"<!-- This site is optimized with the Yoast SEO plugin v22.4 - https:\/\/yoast.com\/wordpress\/plugins\/seo\/ -->\n<title>Contact - WooHa Media<\/title>\n<meta name=\"robots\" content=\"index, follow, max-snippet:-1, max-image-preview:large, max-video-preview:-1\" \/>\n<link rel=\"canonical\" href=\"https:\/\/woohamedia.com\/fr\/contact\/\" \/>\n<meta property=\"og:locale\" content=\"fr_FR\" \/>\n<meta property=\"og:type\" content=\"article\" \/>\n<meta property=\"og:title\" content=\"Contact - WooHa Media\" \/>\n<meta property=\"og:description\" content=\"[vc_row][vc_column width=\u00a0\u00bb2\/3&Prime;][vc_column_text] Contactez-nous \u00e0 notre studio de production vid\u00e9o bas\u00e9 \u00e0 Montr\u00e9al, situ\u00e9 dans le Complexe des lofts commerciaux du canal Lachine. [\/vc_column_text][vc_empty_space height=\u00a0\u00bb20px\u00a0\u00bb][vc_column_text][\/vc_column_text][\/vc_column][vc_column width=\u00a0\u00bb1\/3&Prime;][\/vc_column][\/vc_row]\" \/>\n<meta property=\"og:url\" content=\"https:\/\/woohamedia.com\/fr\/contact\/\" \/>\n<meta property=\"og:site_name\" content=\"WooHa Media\" \/>\n<meta property=\"article:publisher\" content=\"https:\/\/www.facebook.com\/woohamedia\/\" \/>\n<meta property=\"article:modified_time\" content=\"2024-03-11T15:46:56+00:00\" \/>\n<meta property=\"og:image\" content=\"https:\/\/woohamedia.com\/wp-content\/uploads\/wooha-media-logo.jpg\" \/>\n\t<meta property=\"og:image:width\" content=\"1200\" \/>\n\t<meta property=\"og:image:height\" content=\"700\" \/>\n\t<meta property=\"og:image:type\" content=\"image\/jpeg\" \/>\n<meta name=\"twitter:label1\" content=\"Dur\u00e9e de lecture estim\u00e9e\" \/>\n\t<meta name=\"twitter:data1\" content=\"1 minute\" \/>\n<script type=\"application\/ld+json\" class=\"yoast-schema-graph\">{\"@context\":\"https:\/\/schema.org\",\"@graph\":[{\"@type\":\"WebPage\",\"@id\":\"https:\/\/woohamedia.com\/fr\/contact\/\",\"url\":\"https:\/\/woohamedia.com\/fr\/contact\/\",\"name\":\"Contact - WooHa Media\",\"isPartOf\":{\"@id\":\"https:\/\/woohamedia.com\/fr\/#website\"},\"datePublished\":\"2014-11-14T04:48:36+00:00\",\"dateModified\":\"2024-03-11T15:46:56+00:00\",\"breadcrumb\":{\"@id\":\"https:\/\/woohamedia.com\/fr\/contact\/#breadcrumb\"},\"inLanguage\":\"fr-FR\",\"potentialAction\":[{\"@type\":\"ReadAction\",\"target\":[\"https:\/\/woohamedia.com\/fr\/contact\/\"]}]},{\"@type\":\"BreadcrumbList\",\"@id\":\"https:\/\/woohamedia.com\/fr\/contact\/#breadcrumb\",\"itemListElement\":[{\"@type\":\"ListItem\",\"position\":1,\"name\":\"Home\",\"item\":\"https:\/\/woohamedia.com\/fr\/\"},{\"@type\":\"ListItem\",\"position\":2,\"name\":\"Contact\"}]},{\"@type\":\"WebSite\",\"@id\":\"https:\/\/woohamedia.com\/fr\/#website\",\"url\":\"https:\/\/woohamedia.com\/fr\/\",\"name\":\"WooHa Media\",\"description\":\"\",\"publisher\":{\"@id\":\"https:\/\/woohamedia.com\/fr\/#organization\"},\"potentialAction\":[{\"@type\":\"SearchAction\",\"target\":{\"@type\":\"EntryPoint\",\"urlTemplate\":\"https:\/\/woohamedia.com\/fr\/?s={search_term_string}\"},\"query-input\":\"required name=search_term_string\"}],\"inLanguage\":\"fr-FR\"},{\"@type\":\"Organization\",\"@id\":\"https:\/\/woohamedia.com\/fr\/#organization\",\"name\":\"WooHa Media\",\"url\":\"https:\/\/woohamedia.com\/fr\/\",\"logo\":{\"@type\":\"ImageObject\",\"inLanguage\":\"fr-FR\",\"@id\":\"https:\/\/woohamedia.com\/fr\/#\/schema\/logo\/image\/\",\"url\":\"https:\/\/woohamedia.com\/wp-content\/uploads\/2014\/02\/wooha-media.jpg\",\"contentUrl\":\"https:\/\/woohamedia.com\/wp-content\/uploads\/2014\/02\/wooha-media.jpg\",\"width\":484,\"height\":236,\"caption\":\"WooHa Media\"},\"image\":{\"@id\":\"https:\/\/woohamedia.com\/fr\/#\/schema\/logo\/image\/\"},\"sameAs\":[\"https:\/\/www.facebook.com\/woohamedia\/\",\"https:\/\/www.youtube.com\/user\/WoohaMedia1\"]}]}<\/script>\n<!-- \/ Yoast SEO plugin. -->","yoast_head_json":{"title":"Contact - WooHa Media","robots":{"index":"index","follow":"follow","max-snippet":"max-snippet:-1","max-image-preview":"max-image-preview:large","max-video-preview":"max-video-preview:-1"},"canonical":"https:\/\/woohamedia.com\/fr\/contact\/","og_locale":"fr_FR","og_type":"article","og_title":"Contact - WooHa Media","og_description":"[vc_row][vc_column width=\u00a0\u00bb2\/3&Prime;][vc_column_text] Contactez-nous \u00e0 notre studio de production vid\u00e9o bas\u00e9 \u00e0 Montr\u00e9al, situ\u00e9 dans le Complexe des lofts commerciaux du canal Lachine. [\/vc_column_text][vc_empty_space height=\u00a0\u00bb20px\u00a0\u00bb][vc_column_text][\/vc_column_text][\/vc_column][vc_column width=\u00a0\u00bb1\/3&Prime;][\/vc_column][\/vc_row]","og_url":"https:\/\/woohamedia.com\/fr\/contact\/","og_site_name":"WooHa Media","article_publisher":"https:\/\/www.facebook.com\/woohamedia\/","article_modified_time":"2024-03-11T15:46:56+00:00","og_image":[{"width":1200,"height":700,"url":"https:\/\/woohamedia.com\/wp-content\/uploads\/wooha-media-logo.jpg","type":"image\/jpeg"}],"twitter_misc":{"Dur\u00e9e de lecture estim\u00e9e":"1 minute"},"schema":{"@context":"https:\/\/schema.org","@graph":[{"@type":"WebPage","@id":"https:\/\/woohamedia.com\/fr\/contact\/","url":"https:\/\/woohamedia.com\/fr\/contact\/","name":"Contact - WooHa Media","isPartOf":{"@id":"https:\/\/woohamedia.com\/fr\/#website"},"datePublished":"2014-11-14T04:48:36+00:00","dateModified":"2024-03-11T15:46:56+00:00","breadcrumb":{"@id":"https:\/\/woohamedia.com\/fr\/contact\/#breadcrumb"},"inLanguage":"fr-FR","potentialAction":[{"@type":"ReadAction","target":["https:\/\/woohamedia.com\/fr\/contact\/"]}]},{"@type":"BreadcrumbList","@id":"https:\/\/woohamedia.com\/fr\/contact\/#breadcrumb","itemListElement":[{"@type":"ListItem","position":1,"name":"Home","item":"https:\/\/woohamedia.com\/fr\/"},{"@type":"ListItem","position":2,"name":"Contact"}]},{"@type":"WebSite","@id":"https:\/\/woohamedia.com\/fr\/#website","url":"https:\/\/woohamedia.com\/fr\/","name":"WooHa Media","description":"","publisher":{"@id":"https:\/\/woohamedia.com\/fr\/#organization"},"potentialAction":[{"@type":"SearchAction","target":{"@type":"EntryPoint","urlTemplate":"https:\/\/woohamedia.com\/fr\/?s={search_term_string}"},"query-input":"required name=search_term_string"}],"inLanguage":"fr-FR"},{"@type":"Organization","@id":"https:\/\/woohamedia.com\/fr\/#organization","name":"WooHa Media","url":"https:\/\/woohamedia.com\/fr\/","logo":{"@type":"ImageObject","inLanguage":"fr-FR","@id":"https:\/\/woohamedia.com\/fr\/#\/schema\/logo\/image\/","url":"https:\/\/woohamedia.com\/wp-content\/uploads\/2014\/02\/wooha-media.jpg","contentUrl":"https:\/\/woohamedia.com\/wp-content\/uploads\/2014\/02\/wooha-media.jpg","width":484,"height":236,"caption":"WooHa Media"},"image":{"@id":"https:\/\/woohamedia.com\/fr\/#\/schema\/logo\/image\/"},"sameAs":["https:\/\/www.facebook.com\/woohamedia\/","https:\/\/www.youtube.com\/user\/WoohaMedia1"]}]}},"_links":{"self":[{"href":"https:\/\/woohamedia.com\/fr\/wp-json\/wp\/v2\/pages\/200"}],"collection":[{"href":"https:\/\/woohamedia.com\/fr\/wp-json\/wp\/v2\/pages"}],"about":[{"href":"https:\/\/woohamedia.com\/fr\/wp-json\/wp\/v2\/types\/page"}],"author":[{"embeddable":true,"href":"https:\/\/woohamedia.com\/fr\/wp-json\/wp\/v2\/users\/5"}],"replies":[{"embeddable":true,"href":"https:\/\/woohamedia.com\/fr\/wp-json\/wp\/v2\/comments?post=200"}],"version-history":[{"count":6,"href":"https:\/\/woohamedia.com\/fr\/wp-json\/wp\/v2\/pages\/200\/revisions"}],"predecessor-version":[{"id":834,"href":"https:\/\/woohamedia.com\/fr\/wp-json\/wp\/v2\/pages\/200\/revisions\/834"}],"wp:attachment":[{"href":"https:\/\/woohamedia.com\/fr\/wp-json\/wp\/v2\/media?parent=200"}],"curies":[{"name":"wp","href":"https:\/\/api.w.org\/{rel}","templated":true}]}}