{"id":198,"date":"2014-11-13T20:35:02","date_gmt":"2014-11-13T20:35:02","guid":{"rendered":"http:\/\/woohamedia.com\/services-2\/"},"modified":"2021-07-06T13:32:21","modified_gmt":"2021-07-06T17:32:21","slug":"services","status":"publish","type":"page","link":"https:\/\/woohamedia.com\/fr\/services\/","title":{"rendered":"Services"},"content":{"rendered":"<div class=\"wpb-content-wrapper\"><p>[vc_row margin_top=\u00a0\u00bb30px\u00a0\u00bb margin_bottom=\u00a0\u00bb30px\u00a0\u00bb][vc_column][vc_column_text]<\/p>\n<h3>WooHa M\u00e9dia offre un service personnalis\u00e9 convivial qui obtient des r\u00e9sultats solides et fournit une gamme de services de production vid\u00e9o qui incluent :<\/h3>\n<p>[\/vc_column_text][\/vc_column][\/vc_row][vc_row][vc_column width=\u00a0\u00bb1\/2&Prime;]<div class=\"aio-icon-component    style_1\"><div id=\"Info-box-wrap-6727\" class=\"aio-icon-box default-icon\" style=\"\"  ><div class=\"aio-icon-default\"><div class=\"ult-just-icon-wrapper  \"><div class=\"align-icon\" style=\"text-align:center;\">\n<div class=\"aio-icon none \"  style=\"color:#333;font-size:36px;display:inline-block;\">\n\t<i class=\"Defaults-lightbulb-o\"><\/i>\n<\/div><\/div><\/div><\/div><div class=\"aio-icon-header\" ><h4 class=\"aio-icon-title ult-responsive\"  data-ultimate-target='#Info-box-wrap-6727 .aio-icon-title'  data-responsive-json-new='{\"font-size\":\"desktop:21px;\",\"line-height\":\"\"}'  style=\"\">D\u00e9veloppement de concept<\/h4><\/div> <!-- header --><div class=\"aio-icon-description ult-responsive\"  data-ultimate-target='#Info-box-wrap-6727 .aio-icon-description'  data-responsive-json-new='{\"font-size\":\"desktop:13px;\",\"line-height\":\"\"}'  style=\"\">Une fois que nous rencontrons un client, la premi\u00e8re \u00e9tape consiste \u00e0 r\u00e9fl\u00e9chir ensemble et \u00e0 proposer une approche, un traitement de plan de match sur la fa\u00e7on d&rsquo;atteindre visuellement sur un \u00e9cran vid\u00e9o les objectifs des clients.<\/div> <!-- description --><\/div> <!-- aio-icon-box --><\/div> <!-- aio-icon-component -->[\/vc_column][vc_column width=\u00a0\u00bb1\/2&Prime;]<div class=\"aio-icon-component    style_1\"><div id=\"Info-box-wrap-2377\" class=\"aio-icon-box default-icon\" style=\"\"  ><div class=\"aio-icon-default\"><div class=\"ult-just-icon-wrapper  \"><div class=\"align-icon\" style=\"text-align:center;\">\n<div class=\"aio-icon none \"  style=\"color:#333;font-size:36px;display:inline-block;\">\n\t<i class=\"Defaults-image photo picture-o\"><\/i>\n<\/div><\/div><\/div><\/div><div class=\"aio-icon-header\" ><h4 class=\"aio-icon-title ult-responsive\"  data-ultimate-target='#Info-box-wrap-2377 .aio-icon-title'  data-responsive-json-new='{\"font-size\":\"desktop:21px;\",\"line-height\":\"\"}'  style=\"\">Sc\u00e9narisation<\/h4><\/div> <!-- header --><div class=\"aio-icon-description ult-responsive\"  data-ultimate-target='#Info-box-wrap-2377 .aio-icon-description'  data-responsive-json-new='{\"font-size\":\"desktop:13px;\",\"line-height\":\"\"}'  style=\"\">Avant que la cam\u00e9ra ne tourne ou que le drone vole, il doit y avoir un plan d&rsquo;images qui guide syst\u00e9matiquement la production pour suivre fid\u00e8lement les objectifs initiaux. Ces pages de dessins et de directions gardent un ordre \u00e0 suivre sous forme de lignes directrices ou de mise en sc\u00e8ne. Assez souvent, de nombreux plans qui ont \u00e9t\u00e9 tourn\u00e9s \u00ab\u00a0sur un coup de t\u00eate\u00a0\u00bb finissent par \u00eatre parmi les parties les plus douces d&rsquo;une vid\u00e9o finale.<\/div> <!-- description --><\/div> <!-- aio-icon-box --><\/div> <!-- aio-icon-component -->[\/vc_column][\/vc_row][vc_row][vc_column width=\u00a0\u00bb1\/2&Prime;]<div class=\"aio-icon-component    style_1\"><div id=\"Info-box-wrap-7250\" class=\"aio-icon-box default-icon\" style=\"\"  ><div class=\"aio-icon-default\"><div class=\"ult-just-icon-wrapper  \"><div class=\"align-icon\" style=\"text-align:center;\">\n<div class=\"aio-icon none \"  style=\"color:#333;font-size:36px;display:inline-block;\">\n\t<i class=\"Defaults-file-movie-o file-video-o\"><\/i>\n<\/div><\/div><\/div><\/div><div class=\"aio-icon-header\" ><h4 class=\"aio-icon-title ult-responsive\"  data-ultimate-target='#Info-box-wrap-7250 .aio-icon-title'  data-responsive-json-new='{\"font-size\":\"desktop:21px;\",\"line-height\":\"\"}'  style=\"\">Script<\/h4><\/div> <!-- header --><div class=\"aio-icon-description ult-responsive\"  data-ultimate-target='#Info-box-wrap-7250 .aio-icon-description'  data-responsive-json-new='{\"font-size\":\"desktop:13px;\",\"line-height\":\"\"}'  style=\"\">Selon le message, le script est au c\u0153ur de l&rsquo;information. Les clients connaissant leur entreprise et leurs mandats, l&rsquo;\u00e9crit de ce qui est dit en direct ou en Voix off (VO), est le pivot pour accompagner les visuels. Nous travaillons avec les clients et\/ou leurs \u00e9quipes marketing pour r\u00e9diger le sc\u00e9nario en anglais, en fran\u00e7ais ou les deux.<\/div> <!-- description --><\/div> <!-- aio-icon-box --><\/div> <!-- aio-icon-component -->[\/vc_column][vc_column width=\u00a0\u00bb1\/2&Prime;]<div class=\"aio-icon-component    style_1\"><div id=\"Info-box-wrap-6089\" class=\"aio-icon-box default-icon\" style=\"\"  ><div class=\"aio-icon-default\"><div class=\"ult-just-icon-wrapper  \"><div class=\"align-icon\" style=\"text-align:center;\">\n<div class=\"aio-icon none \"  style=\"color:#333;font-size:36px;display:inline-block;\">\n\t<i class=\"Defaults-bullhorn\"><\/i>\n<\/div><\/div><\/div><\/div><div class=\"aio-icon-header\" ><h4 class=\"aio-icon-title ult-responsive\"  data-ultimate-target='#Info-box-wrap-6089 .aio-icon-title'  data-responsive-json-new='{\"font-size\":\"desktop:21px;\",\"line-height\":\"\"}'  style=\"\">Production<\/h4><\/div> <!-- header --><div class=\"aio-icon-description ult-responsive\"  data-ultimate-target='#Info-box-wrap-6089 .aio-icon-description'  data-responsive-json-new='{\"font-size\":\"desktop:13px;\",\"line-height\":\"\"}'  style=\"\">We only have one mode of function; to produce the best we can. No matter how simple and straightforward something seems, there is always a better way to film it and that\u2019s where level of production comes in. The HD camera sees every detail in its frame. So on the day(s) of shooting, we visualize the final production and strive to get those shots even if it means hanging off the side of truck at 100 mph with the Steady-Cam. <\/div> <!-- description --><\/div> <!-- aio-icon-box --><\/div> <!-- aio-icon-component -->[\/vc_column][\/vc_row][vc_row][vc_column width=\u00a0\u00bb1\/2&Prime;]<div class=\"aio-icon-component    style_1\"><div id=\"Info-box-wrap-2665\" class=\"aio-icon-box default-icon\" style=\"\"  ><div class=\"aio-icon-default\"><div class=\"ult-just-icon-wrapper  \"><div class=\"align-icon\" style=\"text-align:center;\">\n<div class=\"aio-icon none \"  style=\"color:#333;font-size:36px;display:inline-block;\">\n\t<i class=\"Defaults-video-camera\"><\/i>\n<\/div><\/div><\/div><\/div><div class=\"aio-icon-header\" ><h4 class=\"aio-icon-title ult-responsive\"  data-ultimate-target='#Info-box-wrap-2665 .aio-icon-title'  data-responsive-json-new='{\"font-size\":\"desktop:21px;\",\"line-height\":\"\"}'  style=\"\">Tournage<\/h4><\/div> <!-- header --><div class=\"aio-icon-description ult-responsive\"  data-ultimate-target='#Info-box-wrap-2665 .aio-icon-description'  data-responsive-json-new='{\"font-size\":\"desktop:13px;\",\"line-height\":\"\"}'  style=\"\">Drone ou pas de drone? C&rsquo;est une question de paysage, int\u00e9rieur ou ext\u00e9rieur et des \u00e9l\u00e9ments requis dans le storyboard. Les cam\u00e9ras que nous utilisons sont bien s\u00fbr en HD, mais nous utilisons des objectifs cin\u00e9matiques pour capturer une image photographique r\u00e9elle. Nous utilisons le time-lapse, le travelling, la Steady-Cam, les prises de vue a\u00e9riennes par drone, dans le cadre de nos capacit\u00e9s de tournage.<\/div> <!-- description --><\/div> <!-- aio-icon-box --><\/div> <!-- aio-icon-component -->[\/vc_column][vc_column width=\u00a0\u00bb1\/2&Prime;]<div class=\"aio-icon-component    style_1\"><div id=\"Info-box-wrap-4460\" class=\"aio-icon-box default-icon\" style=\"\"  ><div class=\"aio-icon-default\"><div class=\"ult-just-icon-wrapper  \"><div class=\"align-icon\" style=\"text-align:center;\">\n<div class=\"aio-icon none \"  style=\"color:#333;font-size:36px;display:inline-block;\">\n\t<i class=\"Defaults-film\"><\/i>\n<\/div><\/div><\/div><\/div><div class=\"aio-icon-header\" ><h4 class=\"aio-icon-title ult-responsive\"  data-ultimate-target='#Info-box-wrap-4460 .aio-icon-title'  data-responsive-json-new='{\"font-size\":\"desktop:21px;\",\"line-height\":\"\"}'  style=\"\">Montage<\/h4><\/div> <!-- header --><div class=\"aio-icon-description ult-responsive\"  data-ultimate-target='#Info-box-wrap-4460 .aio-icon-description'  data-responsive-json-new='{\"font-size\":\"desktop:13px;\",\"line-height\":\"\"}'  style=\"\">Lors d&rsquo;un tournage, nous arrivons \u00e0 de nombreuses heures de tournage. Ensuite, nous regardons tout et s\u00e9lectionnons les plans qui ont \u00e9t\u00e9 s\u00e9lectionn\u00e9s pour audition dans la chronologie progressive de la production finale.<\/div> <!-- description --><\/div> <!-- aio-icon-box --><\/div> <!-- aio-icon-component -->[\/vc_column][\/vc_row][vc_row][vc_column width=\u00a0\u00bb1\/2&Prime;]<div class=\"aio-icon-component    style_1\"><div id=\"Info-box-wrap-2620\" class=\"aio-icon-box default-icon\" style=\"\"  ><div class=\"aio-icon-default\"><div class=\"ult-just-icon-wrapper  \"><div class=\"align-icon\" style=\"text-align:center;\">\n<div class=\"aio-icon none \"  style=\"color:#333;font-size:36px;display:inline-block;\">\n\t<i class=\"Defaults-flag\"><\/i>\n<\/div><\/div><\/div><\/div><div class=\"aio-icon-header\" ><h4 class=\"aio-icon-title ult-responsive\"  data-ultimate-target='#Info-box-wrap-2620 .aio-icon-title'  data-responsive-json-new='{\"font-size\":\"desktop:21px;\",\"line-height\":\"\"}'  style=\"\">Post-production<\/h4><\/div> <!-- header --><div class=\"aio-icon-description ult-responsive\"  data-ultimate-target='#Info-box-wrap-2620 .aio-icon-description'  data-responsive-json-new='{\"font-size\":\"desktop:13px;\",\"line-height\":\"\"}'  style=\"\">C&rsquo;est l\u00e0 et quand tout se met en place. Une fois que tout le montage des visuels, la bande son musicale et les bruitages sont choisis, la VO est enregistr\u00e9e, les graphismes et les effets sp\u00e9ciaux visuels r\u00e9alis\u00e9s, puis tout est assembl\u00e9 et un premier brouillon est produit. Le client le visualise, approuve ou demande certaines modifications, puis nous ajustons et ajustons les brouillons jusqu&rsquo;\u00e0 ce qu&rsquo;il y ait une finale qui a le \u00ab\u00a0Wow!\u00a0\u00bb facteur partout.<\/div> <!-- description --><\/div> <!-- aio-icon-box --><\/div> <!-- aio-icon-component -->[\/vc_column][vc_column width=\u00a0\u00bb1\/2&Prime;][\/vc_column][\/vc_row][vc_row][vc_column][vc_cta h2=\u00a0\u00bbInt\u00e9ress\u00e9 par nos services de production vid\u00e9o?\u00a0\u00bb txt_align=\u00a0\u00bbcenter\u00a0\u00bb style=\u00a0\u00bbcustom\u00a0\u00bb add_button=\u00a0\u00bbbottom\u00a0\u00bb btn_title=\u00a0\u00bbREQUEST A QUOTE\u00a0\u00bb btn_style=\u00a0\u00bboutline\u00a0\u00bb btn_color=\u00a0\u00bbwhite\u00a0\u00bb btn_size=\u00a0\u00bblg\u00a0\u00bb btn_align=\u00a0\u00bbcenter\u00a0\u00bb custom_background=\u00a0\u00bb#8dc544&Prime; custom_text=\u00a0\u00bb#ffffff\u00a0\u00bb btn_link=\u00a0\u00bburl:https%3A%2F%2Fwoohamedia.com%2Fcontact%2F|||\u00a0\u00bb]Nous serions ravis de vous entendre! Contactez-nous \u00e0 tout moment et lan\u00e7ons votre production vid\u00e9o.[\/vc_cta][\/vc_column][\/vc_row]<\/p>\n<\/div>","protected":false},"excerpt":{"rendered":"<p>[vc_row margin_top=\u00a0\u00bb30px\u00a0\u00bb margin_bottom=\u00a0\u00bb30px\u00a0\u00bb][vc_column][vc_column_text] WooHa M\u00e9dia offre un service personnalis\u00e9 convivial qui obtient des r\u00e9sultats solides et fournit une gamme de services de production vid\u00e9o qui incluent : [\/vc_column_text][\/vc_column][\/vc_row][vc_row][vc_column width=\u00a0\u00bb1\/2&Prime;][\/vc_column][vc_column width=\u00a0\u00bb1\/2&Prime;][\/vc_column][\/vc_row][vc_row][vc_column width=\u00a0\u00bb1\/2&Prime;][\/vc_column][vc_column width=\u00a0\u00bb1\/2&Prime;][\/vc_column][\/vc_row][vc_row][vc_column width=\u00a0\u00bb1\/2&Prime;][\/vc_column][vc_column width=\u00a0\u00bb1\/2&Prime;][\/vc_column][\/vc_row][vc_row][vc_column width=\u00a0\u00bb1\/2&Prime;][\/vc_column][vc_column width=\u00a0\u00bb1\/2&Prime;][\/vc_column][\/vc_row][vc_row][vc_column][vc_cta h2=\u00a0\u00bbInt\u00e9ress\u00e9 par nos services de production vid\u00e9o?\u00a0\u00bb txt_align=\u00a0\u00bbcenter\u00a0\u00bb style=\u00a0\u00bbcustom\u00a0\u00bb add_button=\u00a0\u00bbbottom\u00a0\u00bb btn_title=\u00a0\u00bbREQUEST A QUOTE\u00a0\u00bb btn_style=\u00a0\u00bboutline\u00a0\u00bb btn_color=\u00a0\u00bbwhite\u00a0\u00bb btn_size=\u00a0\u00bblg\u00a0\u00bb btn_align=\u00a0\u00bbcenter\u00a0\u00bb custom_background=\u00a0\u00bb#8dc544&Prime; custom_text=\u00a0\u00bb#ffffff\u00a0\u00bb&hellip;<\/p>\n","protected":false},"author":5,"featured_media":0,"parent":0,"menu_order":0,"comment_status":"closed","ping_status":"open","template":"","meta":{"footnotes":""},"yoast_head":"<!-- This site is optimized with the Yoast SEO plugin v22.4 - https:\/\/yoast.com\/wordpress\/plugins\/seo\/ -->\n<title>Services - WooHa Media<\/title>\n<meta name=\"robots\" content=\"index, follow, max-snippet:-1, max-image-preview:large, max-video-preview:-1\" \/>\n<link rel=\"canonical\" href=\"https:\/\/woohamedia.com\/fr\/services\/\" \/>\n<meta property=\"og:locale\" content=\"fr_FR\" \/>\n<meta property=\"og:type\" content=\"article\" \/>\n<meta property=\"og:title\" content=\"Services - WooHa Media\" \/>\n<meta property=\"og:description\" content=\"[vc_row margin_top=\u00a0\u00bb30px\u00a0\u00bb margin_bottom=\u00a0\u00bb30px\u00a0\u00bb][vc_column][vc_column_text] WooHa M\u00e9dia offre un service personnalis\u00e9 convivial qui obtient des r\u00e9sultats solides et fournit une gamme de services de production vid\u00e9o qui incluent : [\/vc_column_text][\/vc_column][\/vc_row][vc_row][vc_column width=\u00a0\u00bb1\/2&Prime;][\/vc_column][vc_column width=\u00a0\u00bb1\/2&Prime;][\/vc_column][\/vc_row][vc_row][vc_column width=\u00a0\u00bb1\/2&Prime;][\/vc_column][vc_column width=\u00a0\u00bb1\/2&Prime;][\/vc_column][\/vc_row][vc_row][vc_column width=\u00a0\u00bb1\/2&Prime;][\/vc_column][vc_column width=\u00a0\u00bb1\/2&Prime;][\/vc_column][\/vc_row][vc_row][vc_column width=\u00a0\u00bb1\/2&Prime;][\/vc_column][vc_column width=\u00a0\u00bb1\/2&Prime;][\/vc_column][\/vc_row][vc_row][vc_column][vc_cta h2=\u00a0\u00bbInt\u00e9ress\u00e9 par nos services de production vid\u00e9o?\u00a0\u00bb txt_align=\u00a0\u00bbcenter\u00a0\u00bb style=\u00a0\u00bbcustom\u00a0\u00bb add_button=\u00a0\u00bbbottom\u00a0\u00bb btn_title=\u00a0\u00bbREQUEST A QUOTE\u00a0\u00bb btn_style=\u00a0\u00bboutline\u00a0\u00bb btn_color=\u00a0\u00bbwhite\u00a0\u00bb btn_size=\u00a0\u00bblg\u00a0\u00bb btn_align=\u00a0\u00bbcenter\u00a0\u00bb custom_background=\u00a0\u00bb#8dc544&Prime; custom_text=\u00a0\u00bb#ffffff\u00a0\u00bb&hellip;\" \/>\n<meta property=\"og:url\" content=\"https:\/\/woohamedia.com\/fr\/services\/\" \/>\n<meta property=\"og:site_name\" content=\"WooHa Media\" \/>\n<meta property=\"article:publisher\" content=\"https:\/\/www.facebook.com\/woohamedia\/\" \/>\n<meta property=\"article:modified_time\" content=\"2021-07-06T17:32:21+00:00\" \/>\n<meta property=\"og:image\" content=\"https:\/\/woohamedia.com\/wp-content\/uploads\/wooha-media-logo.jpg\" \/>\n\t<meta property=\"og:image:width\" content=\"1200\" \/>\n\t<meta property=\"og:image:height\" content=\"700\" \/>\n\t<meta property=\"og:image:type\" content=\"image\/jpeg\" \/>\n<meta name=\"twitter:label1\" content=\"Dur\u00e9e de lecture estim\u00e9e\" \/>\n\t<meta name=\"twitter:data1\" content=\"3 minutes\" \/>\n<script type=\"application\/ld+json\" class=\"yoast-schema-graph\">{\"@context\":\"https:\/\/schema.org\",\"@graph\":[{\"@type\":\"WebPage\",\"@id\":\"https:\/\/woohamedia.com\/fr\/services\/\",\"url\":\"https:\/\/woohamedia.com\/fr\/services\/\",\"name\":\"Services - WooHa Media\",\"isPartOf\":{\"@id\":\"https:\/\/woohamedia.com\/fr\/#website\"},\"datePublished\":\"2014-11-13T20:35:02+00:00\",\"dateModified\":\"2021-07-06T17:32:21+00:00\",\"breadcrumb\":{\"@id\":\"https:\/\/woohamedia.com\/fr\/services\/#breadcrumb\"},\"inLanguage\":\"fr-FR\",\"potentialAction\":[{\"@type\":\"ReadAction\",\"target\":[\"https:\/\/woohamedia.com\/fr\/services\/\"]}]},{\"@type\":\"BreadcrumbList\",\"@id\":\"https:\/\/woohamedia.com\/fr\/services\/#breadcrumb\",\"itemListElement\":[{\"@type\":\"ListItem\",\"position\":1,\"name\":\"Home\",\"item\":\"https:\/\/woohamedia.com\/fr\/\"},{\"@type\":\"ListItem\",\"position\":2,\"name\":\"Services\"}]},{\"@type\":\"WebSite\",\"@id\":\"https:\/\/woohamedia.com\/fr\/#website\",\"url\":\"https:\/\/woohamedia.com\/fr\/\",\"name\":\"WooHa Media\",\"description\":\"\",\"publisher\":{\"@id\":\"https:\/\/woohamedia.com\/fr\/#organization\"},\"potentialAction\":[{\"@type\":\"SearchAction\",\"target\":{\"@type\":\"EntryPoint\",\"urlTemplate\":\"https:\/\/woohamedia.com\/fr\/?s={search_term_string}\"},\"query-input\":\"required name=search_term_string\"}],\"inLanguage\":\"fr-FR\"},{\"@type\":\"Organization\",\"@id\":\"https:\/\/woohamedia.com\/fr\/#organization\",\"name\":\"WooHa Media\",\"url\":\"https:\/\/woohamedia.com\/fr\/\",\"logo\":{\"@type\":\"ImageObject\",\"inLanguage\":\"fr-FR\",\"@id\":\"https:\/\/woohamedia.com\/fr\/#\/schema\/logo\/image\/\",\"url\":\"https:\/\/woohamedia.com\/wp-content\/uploads\/2014\/02\/wooha-media.jpg\",\"contentUrl\":\"https:\/\/woohamedia.com\/wp-content\/uploads\/2014\/02\/wooha-media.jpg\",\"width\":484,\"height\":236,\"caption\":\"WooHa Media\"},\"image\":{\"@id\":\"https:\/\/woohamedia.com\/fr\/#\/schema\/logo\/image\/\"},\"sameAs\":[\"https:\/\/www.facebook.com\/woohamedia\/\",\"https:\/\/www.youtube.com\/user\/WoohaMedia1\"]}]}<\/script>\n<!-- \/ Yoast SEO plugin. -->","yoast_head_json":{"title":"Services - WooHa Media","robots":{"index":"index","follow":"follow","max-snippet":"max-snippet:-1","max-image-preview":"max-image-preview:large","max-video-preview":"max-video-preview:-1"},"canonical":"https:\/\/woohamedia.com\/fr\/services\/","og_locale":"fr_FR","og_type":"article","og_title":"Services - WooHa Media","og_description":"[vc_row margin_top=\u00a0\u00bb30px\u00a0\u00bb margin_bottom=\u00a0\u00bb30px\u00a0\u00bb][vc_column][vc_column_text] WooHa M\u00e9dia offre un service personnalis\u00e9 convivial qui obtient des r\u00e9sultats solides et fournit une gamme de services de production vid\u00e9o qui incluent : [\/vc_column_text][\/vc_column][\/vc_row][vc_row][vc_column width=\u00a0\u00bb1\/2&Prime;][\/vc_column][vc_column width=\u00a0\u00bb1\/2&Prime;][\/vc_column][\/vc_row][vc_row][vc_column width=\u00a0\u00bb1\/2&Prime;][\/vc_column][vc_column width=\u00a0\u00bb1\/2&Prime;][\/vc_column][\/vc_row][vc_row][vc_column width=\u00a0\u00bb1\/2&Prime;][\/vc_column][vc_column width=\u00a0\u00bb1\/2&Prime;][\/vc_column][\/vc_row][vc_row][vc_column width=\u00a0\u00bb1\/2&Prime;][\/vc_column][vc_column width=\u00a0\u00bb1\/2&Prime;][\/vc_column][\/vc_row][vc_row][vc_column][vc_cta h2=\u00a0\u00bbInt\u00e9ress\u00e9 par nos services de production vid\u00e9o?\u00a0\u00bb txt_align=\u00a0\u00bbcenter\u00a0\u00bb style=\u00a0\u00bbcustom\u00a0\u00bb add_button=\u00a0\u00bbbottom\u00a0\u00bb btn_title=\u00a0\u00bbREQUEST A QUOTE\u00a0\u00bb btn_style=\u00a0\u00bboutline\u00a0\u00bb btn_color=\u00a0\u00bbwhite\u00a0\u00bb btn_size=\u00a0\u00bblg\u00a0\u00bb btn_align=\u00a0\u00bbcenter\u00a0\u00bb custom_background=\u00a0\u00bb#8dc544&Prime; custom_text=\u00a0\u00bb#ffffff\u00a0\u00bb&hellip;","og_url":"https:\/\/woohamedia.com\/fr\/services\/","og_site_name":"WooHa Media","article_publisher":"https:\/\/www.facebook.com\/woohamedia\/","article_modified_time":"2021-07-06T17:32:21+00:00","og_image":[{"width":1200,"height":700,"url":"https:\/\/woohamedia.com\/wp-content\/uploads\/wooha-media-logo.jpg","type":"image\/jpeg"}],"twitter_misc":{"Dur\u00e9e de lecture estim\u00e9e":"3 minutes"},"schema":{"@context":"https:\/\/schema.org","@graph":[{"@type":"WebPage","@id":"https:\/\/woohamedia.com\/fr\/services\/","url":"https:\/\/woohamedia.com\/fr\/services\/","name":"Services - WooHa Media","isPartOf":{"@id":"https:\/\/woohamedia.com\/fr\/#website"},"datePublished":"2014-11-13T20:35:02+00:00","dateModified":"2021-07-06T17:32:21+00:00","breadcrumb":{"@id":"https:\/\/woohamedia.com\/fr\/services\/#breadcrumb"},"inLanguage":"fr-FR","potentialAction":[{"@type":"ReadAction","target":["https:\/\/woohamedia.com\/fr\/services\/"]}]},{"@type":"BreadcrumbList","@id":"https:\/\/woohamedia.com\/fr\/services\/#breadcrumb","itemListElement":[{"@type":"ListItem","position":1,"name":"Home","item":"https:\/\/woohamedia.com\/fr\/"},{"@type":"ListItem","position":2,"name":"Services"}]},{"@type":"WebSite","@id":"https:\/\/woohamedia.com\/fr\/#website","url":"https:\/\/woohamedia.com\/fr\/","name":"WooHa Media","description":"","publisher":{"@id":"https:\/\/woohamedia.com\/fr\/#organization"},"potentialAction":[{"@type":"SearchAction","target":{"@type":"EntryPoint","urlTemplate":"https:\/\/woohamedia.com\/fr\/?s={search_term_string}"},"query-input":"required name=search_term_string"}],"inLanguage":"fr-FR"},{"@type":"Organization","@id":"https:\/\/woohamedia.com\/fr\/#organization","name":"WooHa Media","url":"https:\/\/woohamedia.com\/fr\/","logo":{"@type":"ImageObject","inLanguage":"fr-FR","@id":"https:\/\/woohamedia.com\/fr\/#\/schema\/logo\/image\/","url":"https:\/\/woohamedia.com\/wp-content\/uploads\/2014\/02\/wooha-media.jpg","contentUrl":"https:\/\/woohamedia.com\/wp-content\/uploads\/2014\/02\/wooha-media.jpg","width":484,"height":236,"caption":"WooHa Media"},"image":{"@id":"https:\/\/woohamedia.com\/fr\/#\/schema\/logo\/image\/"},"sameAs":["https:\/\/www.facebook.com\/woohamedia\/","https:\/\/www.youtube.com\/user\/WoohaMedia1"]}]}},"_links":{"self":[{"href":"https:\/\/woohamedia.com\/fr\/wp-json\/wp\/v2\/pages\/198"}],"collection":[{"href":"https:\/\/woohamedia.com\/fr\/wp-json\/wp\/v2\/pages"}],"about":[{"href":"https:\/\/woohamedia.com\/fr\/wp-json\/wp\/v2\/types\/page"}],"author":[{"embeddable":true,"href":"https:\/\/woohamedia.com\/fr\/wp-json\/wp\/v2\/users\/5"}],"replies":[{"embeddable":true,"href":"https:\/\/woohamedia.com\/fr\/wp-json\/wp\/v2\/comments?post=198"}],"version-history":[{"count":4,"href":"https:\/\/woohamedia.com\/fr\/wp-json\/wp\/v2\/pages\/198\/revisions"}],"predecessor-version":[{"id":647,"href":"https:\/\/woohamedia.com\/fr\/wp-json\/wp\/v2\/pages\/198\/revisions\/647"}],"wp:attachment":[{"href":"https:\/\/woohamedia.com\/fr\/wp-json\/wp\/v2\/media?parent=198"}],"curies":[{"name":"wp","href":"https:\/\/api.w.org\/{rel}","templated":true}]}}